{"id":7505,"date":"2025-07-10T15:59:36","date_gmt":"2025-07-10T19:59:36","guid":{"rendered":"https:\/\/rtccom.com\/solucion-de-seguridad\/"},"modified":"2025-09-12T14:43:49","modified_gmt":"2025-09-12T18:43:49","slug":"solucion-de-seguridad","status":"publish","type":"page","link":"https:\/\/rtccom.com\/es\/solucion-de-seguridad\/","title":{"rendered":"Soluciones de seguridad"},"content":{"rendered":"<div class=\"wpb-content-wrapper\"><p>[vc_row row_height_percent=\u00bb0&#8243; override_padding=\u00bbyes\u00bb h_padding=\u00bb2&#8243; top_padding=\u00bb3&#8243; bottom_padding=\u00bb5&#8243; back_color=\u00bbcolor-wayh\u00bb back_image=\u00bb7375&#8243; parallax=\u00bbyes\u00bb overlay_color=\u00bbcolor-wayh\u00bb overlay_alpha=\u00bb50&#8243; gutter_size=\u00bb3&#8243; column_width_percent=\u00bb100&#8243; shift_y=\u00bb0&#8243; z_index=\u00bb1&#8243; content_parallax=\u00bb0&#8243; uncode_shortcode_id=\u00bb339492&#8243; back_color_type=\u00bbuncode-palette\u00bb overlay_color_type=\u00bbuncode-palette\u00bb][vc_column column_width_percent=\u00bb100&#8243; position_vertical=\u00bbmiddle\u00bb gutter_size=\u00bb3&#8243; overlay_alpha=\u00bb50&#8243; shift_x=\u00bb0&#8243; shift_y=\u00bb0&#8243; shift_y_down=\u00bb0&#8243; z_index=\u00bb0&#8243; medium_width=\u00bb0&#8243; mobile_width=\u00bb0&#8243; width=\u00bb1\/1&#8243;][vc_row_inner row_inner_height_percent=\u00bb0&#8243; overlay_alpha=\u00bb50&#8243; equal_height=\u00bbyes\u00bb gutter_size=\u00bb4&#8243; shift_y=\u00bb0&#8243; z_index=\u00bb0&#8243;][vc_column_inner column_width_percent=\u00bb100&#8243; gutter_size=\u00bb1&#8243; style=\u00bbdark\u00bb overlay_alpha=\u00bb50&#8243; shift_x=\u00bb0&#8243; shift_y=\u00bb0&#8243; shift_y_down=\u00bb0&#8243; z_index=\u00bb0&#8243; medium_width=\u00bb0&#8243; mobile_width=\u00bb0&#8243; width=\u00bb1\/3&#8243;][vc_empty_space empty_h=\u00bb0&#8243;][vc_custom_heading heading_semantic=\u00bbh6&#8243; text_size=\u00bbh6&#8243; text_transform=\u00bbuppercase\u00bb text_space=\u00bb\u00bb uncode_shortcode_id=\u00bb200612&#8243;]Una plataforma de seguridad.<br \/>\nTranquilidad total.[\/vc_custom_heading][vc_empty_space empty_h=\u00bb2&#8243;][\/vc_column_inner][vc_column_inner column_width_percent=\u00bb100&#8243; position_vertical=\u00bbmiddle\u00bb gutter_size=\u00bb3&#8243; style=\u00bbdark\u00bb overlay_alpha=\u00bb50&#8243; shift_x=\u00bb0&#8243; shift_y=\u00bb0&#8243; shift_y_down=\u00bb0&#8243; z_index=\u00bb0&#8243; medium_width=\u00bb0&#8243; mobile_width=\u00bb0&#8243; width=\u00bb2\/3&#8243;][vc_custom_heading heading_semantic=\u00bbh3&#8243; text_size=\u00bbfontsize-122091&#8243; css_animation=\u00bbcurtain\u00bb animation_delay=\u00bb200&#8243; interval_animation=\u00bb200&#8243; uncode_shortcode_id=\u00bb689825&#8243;]<span class=\"heading-text-highlight \" data-atts='{\"bg\":\"style-color-xsdn-bg\",\"height\":\"10%\",\"offset\":\"0.00em\",\"opacity\":\"0.25\",\"animated\":\"yes\"}'>Seguridad m\u00e1s inteligente, simplificada.<\/span>[\/vc_custom_heading][vc_column_text text_lead=\u00bbyes\u00bb uncode_shortcode_id=\u00bb128350&#8243;]<\/p>\n<h4><em>Desde an\u00e1lisis basados en IA y almacenamiento en nube h\u00edbrida hasta seguridad escalable de nivel empresarial, descubre soluciones creadas para empresas, escuelas, campus y comunidades modernas.<\/em><\/h4>\n<p>[\/vc_column_text][\/vc_column_inner][\/vc_row_inner][\/vc_column][\/vc_row][vc_row row_height_percent=\u00bb0&#8243; override_padding=\u00bbyes\u00bb h_padding=\u00bb2&#8243; top_padding=\u00bb2&#8243; bottom_padding=\u00bb5&#8243; overlay_alpha=\u00bb50&#8243; gutter_size=\u00bb3&#8243; column_width_percent=\u00bb100&#8243; shift_y=\u00bb0&#8243; z_index=\u00bb1&#8243; top_divider=\u00bbgradient\u00bb bottom_divider=\u00bbgradient\u00bb content_parallax=\u00bb0&#8243; uncode_shortcode_id=\u00bb116463&#8243;][vc_column column_width_percent=\u00bb100&#8243; gutter_size=\u00bb4&#8243; overlay_alpha=\u00bb50&#8243; shift_x=\u00bb0&#8243; shift_y=\u00bb0&#8243; shift_y_down=\u00bb0&#8243; z_index=\u00bb0&#8243; medium_width=\u00bb0&#8243; mobile_width=\u00bb0&#8243; width=\u00bb1\/1&#8243;][vc_custom_heading uncode_shortcode_id=\u00bb208588&#8243;]<\/p>\n<h2 data-start=\"758\" data-end=\"901\">Combina un hardware potente con un software f\u00e1cil de usar para tener el control total de tus soluciones de seguridad sin complejidad.<\/h2>\n<p>[\/vc_custom_heading][vc_custom_heading separator_color=\u00bbyes\u00bb separator=\u00bbyes\u00bb css_animation=\u00bbzoom-in\u00bb uncode_shortcode_id=\u00bb190878&#8243;]<\/p>\n<h3 style=\"text-align: center;\" data-start=\"758\" data-end=\"901\">Seis soluciones integradas, una experiencia sin fisuras:<\/h3>\n<p>[\/vc_custom_heading][vc_row_inner row_inner_height_percent=\u00bb0&#8243; overlay_alpha=\u00bb50&#8243; equal_height=\u00bbyes\u00bb gutter_size=\u00bb4&#8243; shift_y=\u00bb0&#8243; z_index=\u00bb0&#8243; uncode_shortcode_id=\u00bb485551&#8243;][vc_column_inner column_width_percent=\u00bb100&#8243; gutter_size=\u00bb3&#8243; overlay_alpha=\u00bb50&#8243; radius=\u00bbsm\u00bb shift_x=\u00bb0&#8243; shift_y=\u00bb0&#8243; shift_y_down=\u00bb0&#8243; z_index=\u00bb0&#8243; medium_width=\u00bb3&#8243; mobile_width=\u00bb0&#8243; width=\u00bb1\/3&#8243;][vc_icon position=\u00bbleft\u00bb title_aligned_icon=\u00bbyes\u00bb icon=\u00bbfa fa-adjustments\u00bb icon_image=\u00bb7410&#8243; icon_color=\u00bbcolor-742535&#8243; text_size=\u00bbfontsize-169646&#8243; add_margin=\u00bbyes\u00bb title=\u00bbSeguridad por v\u00eddeo\u00bb link=\u00bb|||\u00bb uncode_shortcode_id=\u00bb110848&#8243; icon_color_type=\u00bbuncode-palette\u00bb]Im\u00e1genes n\u00edtidas, alertas en tiempo real y an\u00e1lisis avanzados.[\/vc_icon][\/vc_column_inner][vc_column_inner column_width_percent=\u00bb100&#8243; gutter_size=\u00bb3&#8243; overlay_alpha=\u00bb50&#8243; radius=\u00bbsm\u00bb shift_x=\u00bb0&#8243; shift_y=\u00bb0&#8243; shift_y_down=\u00bb0&#8243; z_index=\u00bb0&#8243; medium_width=\u00bb3&#8243; mobile_width=\u00bb0&#8243; width=\u00bb1\/3&#8243;][vc_icon position=\u00bbleft\u00bb title_aligned_icon=\u00bbyes\u00bb icon=\u00bbfa fa-flag2&#8243; icon_image=\u00bb7414&#8243; icon_color=\u00bbcolor-116016&#8243; text_size=\u00bbfontsize-169646&#8243; add_margin=\u00bbyes\u00bb title=\u00bbControl de acceso\u00bb link=\u00bb|||\u00bb uncode_shortcode_id=\u00bb701922&#8243; icon_color_type=\u00bbuncode-palette\u00bb]Asegura los puntos de entrada con permisos de usuario personalizables y desbloqueo remoto.[\/vc_icon][\/vc_column_inner][vc_column_inner column_width_percent=\u00bb100&#8243; gutter_size=\u00bb3&#8243; overlay_alpha=\u00bb50&#8243; radius=\u00bbsm\u00bb shift_x=\u00bb0&#8243; shift_y=\u00bb0&#8243; shift_y_down=\u00bb0&#8243; z_index=\u00bb0&#8243; medium_width=\u00bb3&#8243; mobile_width=\u00bb0&#8243; width=\u00bb1\/3&#8243; link_to=\u00bb|||\u00bb][vc_icon position=\u00bbleft\u00bb title_aligned_icon=\u00bbyes\u00bb icon_image=\u00bb7418&#8243; icon_color=\u00bbcolor-116016&#8243; text_size=\u00bbfontsize-169646&#8243; add_margin=\u00bbyes\u00bb title=\u00bbSensores ambientales\u00bb link=\u00bb|||\u00bb uncode_shortcode_id=\u00bb218915&#8243; icon_color_type=\u00bbuncode-palette\u00bb]Controla la calidad del aire, la temperatura, el ruido y mucho m\u00e1s para conseguir un espacio m\u00e1s saludable.[\/vc_icon][\/vc_column_inner][\/vc_row_inner][vc_row_inner row_inner_height_percent=\u00bb0&#8243; overlay_alpha=\u00bb50&#8243; equal_height=\u00bbyes\u00bb gutter_size=\u00bb4&#8243; shift_y=\u00bb0&#8243; z_index=\u00bb0&#8243; uncode_shortcode_id=\u00bb590147&#8243;][vc_column_inner column_width_percent=\u00bb100&#8243; gutter_size=\u00bb3&#8243; overlay_alpha=\u00bb50&#8243; radius=\u00bbsm\u00bb shift_x=\u00bb0&#8243; shift_y=\u00bb0&#8243; shift_y_down=\u00bb0&#8243; z_index=\u00bb0&#8243; medium_width=\u00bb3&#8243; mobile_width=\u00bb0&#8243; width=\u00bb1\/3&#8243;][vc_icon position=\u00bbleft\u00bb title_aligned_icon=\u00bbyes\u00bb icon_image=\u00bb7420&#8243; icon_color=\u00bbaccent\u00bb text_size=\u00bbfontsize-169646&#8243; add_margin=\u00bbyes\u00bb title=\u00bbAlarmas\u00bb link=\u00bb|||\u00bb uncode_shortcode_id=\u00bb917153&#8243; icon_color_type=\u00bbuncode-palette\u00bb]Detecci\u00f3n de intrusos 24\/7 con supervisi\u00f3n profesional y alertas instant\u00e1neas.[\/vc_icon][\/vc_column_inner][vc_column_inner column_width_percent=\u00bb100&#8243; gutter_size=\u00bb3&#8243; overlay_alpha=\u00bb50&#8243; radius=\u00bbsm\u00bb shift_x=\u00bb0&#8243; shift_y=\u00bb0&#8243; shift_y_down=\u00bb0&#8243; z_index=\u00bb0&#8243; medium_width=\u00bb3&#8243; mobile_width=\u00bb0&#8243; width=\u00bb1\/3&#8243;][vc_icon position=\u00bbleft\u00bb title_aligned_icon=\u00bbyes\u00bb icon_image=\u00bb7422&#8243; icon_color=\u00bbaccent\u00bb text_size=\u00bbfontsize-169646&#8243; add_margin=\u00bbyes\u00bb title=\u00bbVisita Gesti\u00f3n\u00bb link=\u00bb|||\u00bb uncode_shortcode_id=\u00bb232159&#8243; icon_color_type=\u00bbuncode-palette\u00bb]Gestiona la ocupaci\u00f3n, las entradas de invitados y mucho m\u00e1s para un lugar de trabajo m\u00e1s seguro e inteligente.[\/vc_icon][\/vc_column_inner][vc_column_inner column_width_percent=\u00bb100&#8243; gutter_size=\u00bb3&#8243; overlay_alpha=\u00bb50&#8243; radius=\u00bbsm\u00bb shift_x=\u00bb0&#8243; shift_y=\u00bb0&#8243; shift_y_down=\u00bb0&#8243; z_index=\u00bb0&#8243; medium_width=\u00bb3&#8243; mobile_width=\u00bb0&#8243; width=\u00bb1\/3&#8243; link_to=\u00bb|||\u00bb][vc_icon position=\u00bbleft\u00bb title_aligned_icon=\u00bbyes\u00bb icon_image=\u00bb7424&#8243; icon_color=\u00bbaccent\u00bb text_size=\u00bbfontsize-169646&#8243; add_margin=\u00bbyes\u00bb title=\u00bbInterfonos\u00bb link=\u00bb|||\u00bb uncode_shortcode_id=\u00bb191540&#8243; icon_color_type=\u00bbuncode-palette\u00bb]Comun\u00edcate con claridad con los videointerfonos dise\u00f1ados para un acceso seguro y remoto.[\/vc_icon][\/vc_column_inner][\/vc_row_inner][\/vc_column][\/vc_row][vc_row unlock_row=\u00bb\u00bb row_height_percent=\u00bb100&#8243; overlay_alpha=\u00bb50&#8243; gutter_size=\u00bb3&#8243; column_width_percent=\u00bb100&#8243; shift_y=\u00bb0&#8243; z_index=\u00bb0&#8243; content_parallax=\u00bb0&#8243; uncode_shortcode_id=\u00bb305935&#8243;][vc_column width=\u00bb1\/1&#8243;][vc_empty_space empty_h=\u00bb2&#8243;][uncode_slider slider_type=\u00bbfade\u00bb slider_interval=\u00bb5000&#8243; slider_navspeed=\u00bb400&#8243; slider_loop=\u00bbyes\u00bb][vc_row_inner row_inner_height_percent=\u00bb0&#8243; back_image=\u00bb7467&#8243; parallax=\u00bbyes\u00bb overlay_color=\u00bbcolor-wvjs\u00bb overlay_alpha=\u00bb50&#8243; overlay_color_blend=\u00bbmultiply\u00bb gutter_size=\u00bb3&#8243; shift_y=\u00bb0&#8243; z_index=\u00bb0&#8243; uncode_shortcode_id=\u00bb107010&#8243; overlay_color_type=\u00bbuncode-palette\u00bb][vc_column_inner column_width_percent=\u00bb100&#8243; position_vertical=\u00bbmiddle\u00bb align_horizontal=\u00bbalign_center\u00bb gutter_size=\u00bb3&#8243; style=\u00bbdark\u00bb overlay_alpha=\u00bb50&#8243; shift_x=\u00bb0&#8243; shift_y=\u00bb0&#8243; shift_y_down=\u00bb0&#8243; z_index=\u00bb0&#8243; medium_width=\u00bb0&#8243; mobile_width=\u00bb0&#8243; zoom_width=\u00bb0&#8243; zoom_height=\u00bb0&#8243; width=\u00bb1\/1&#8243;][vc_custom_heading text_size=\u00bbfontsize-122091&#8243; css_animation=\u00bbbottom-t-top\u00bb animation_delay=\u00bb400&#8243; uncode_shortcode_id=\u00bb171958&#8243;]<strong>Verkada. Desarrollado por RTC. Construido para la seguridad.  <\/strong>[\/vc_custom_heading][vc_column_text text_lead=\u00bbyes\u00bb css_animation=\u00bbbottom-t-top\u00bb animation_speed=\u00bb400&#8243; animation_delay=\u00bb400&#8243; uncode_shortcode_id=\u00bb430294&#8243;]La seguridad moderna no consiste s\u00f3lo en c\u00e1maras: se trata de visibilidad, control y simplicidad. RTC combina la plataforma inteligente basada en la nube de Verkada con una instalaci\u00f3n experta, un servicio local y un equipo que se encarga de todo.[\/vc_column_text][\/vc_column_inner][\/vc_row_inner][vc_row_inner row_inner_height_percent=\u00bb0&#8243; back_color=\u00bbaccent\u00bb back_image=\u00bb7456&#8243; parallax=\u00bbyes\u00bb overlay_color=\u00bbcolor-wvjs\u00bb overlay_alpha=\u00bb80&#8243; overlay_color_blend=\u00bbmultiply\u00bb gutter_size=\u00bb3&#8243; shift_y=\u00bb0&#8243; z_index=\u00bb0&#8243; uncode_shortcode_id=\u00bb197169&#8243; back_color_type=\u00bbuncode-palette\u00bb overlay_color_type=\u00bbuncode-palette\u00bb][vc_column_inner column_width_percent=\u00bb100&#8243; position_vertical=\u00bbmiddle\u00bb align_horizontal=\u00bbalign_center\u00bb gutter_size=\u00bb3&#8243; style=\u00bbdark\u00bb overlay_alpha=\u00bb50&#8243; shift_x=\u00bb0&#8243; shift_y=\u00bb0&#8243; shift_y_down=\u00bb0&#8243; z_index=\u00bb0&#8243; medium_width=\u00bb0&#8243; mobile_width=\u00bb0&#8243; zoom_width=\u00bb0&#8243; zoom_height=\u00bb0&#8243; width=\u00bb1\/1&#8243;][vc_custom_heading text_size=\u00bbfontsize-122091&#8243; css_animation=\u00bbbottom-t-top\u00bb animation_delay=\u00bb400&#8243; uncode_shortcode_id=\u00bb453297&#8243;]<strong>Por qu\u00e9 es mejor con RTC<\/strong>[\/vc_custom_heading][vc_column_text text_lead=\u00bbyes\u00bb css_animation=\u00bbbottom-t-top\u00bb animation_speed=\u00bb400&#8243; animation_delay=\u00bb400&#8243; uncode_shortcode_id=\u00bb261598&#8243;]<\/p>\n<ul type=\"disc\">\n<li style=\"text-align: left;\">Un n\u00famero al que llamar. Sin se\u00f1alar con el dedo. <\/li>\n<li style=\"text-align: left;\">Instaladores profesionales que entienden de negocios, no s\u00f3lo de cajas.<\/li>\n<li style=\"text-align: left;\">Apoyo continuo de las personas que se presentan. No somos un centro de llamadas. <\/li>\n<li style=\"text-align: left;\">Integraci\u00f3n limpia desde los tel\u00e9fonos a la red, la seguridad y otros sistemas empresariales<\/li>\n<\/ul>\n<p>[\/vc_column_text][\/vc_column_inner][\/vc_row_inner][vc_row_inner row_inner_height_percent=\u00bb0&#8243; back_color=\u00bbcolor-xsdn\u00bb back_image=\u00bb7454&#8243; parallax=\u00bbyes\u00bb overlay_color=\u00bbcolor-wvjs\u00bb overlay_alpha=\u00bb90&#8243; overlay_color_blend=\u00bbmultiply\u00bb gutter_size=\u00bb3&#8243; shift_y=\u00bb0&#8243; z_index=\u00bb0&#8243; uncode_shortcode_id=\u00bb117140&#8243; back_color_type=\u00bbuncode-palette\u00bb overlay_color_type=\u00bbuncode-palette\u00bb][vc_column_inner column_width_percent=\u00bb100&#8243; position_vertical=\u00bbmiddle\u00bb align_horizontal=\u00bbalign_center\u00bb gutter_size=\u00bb3&#8243; overlay_alpha=\u00bb50&#8243; shift_x=\u00bb0&#8243; shift_y=\u00bb0&#8243; shift_y_down=\u00bb0&#8243; z_index=\u00bb0&#8243; medium_width=\u00bb0&#8243; mobile_width=\u00bb0&#8243; zoom_width=\u00bb0&#8243; zoom_height=\u00bb0&#8243; width=\u00bb1\/1&#8243; uncode_shortcode_id=\u00bb120558&#8243;][vc_custom_heading text_color=\u00bbcolor-xsdn\u00bb text_size=\u00bbfontsize-122091&#8243; css_animation=\u00bbbottom-t-top\u00bb animation_delay=\u00bb400&#8243; uncode_shortcode_id=\u00bb252810&#8243; text_color_type=\u00bbuncode-palette\u00bb]<strong>Dise\u00f1ado para adaptarse a las necesidades de tu empresa<\/strong>[\/vc_custom_heading][vc_column_text text_lead=\u00bbyes\u00bb text_color=\u00bbcolor-xsdn\u00bb css_animation=\u00bbbottom-t-top\u00bb animation_delay=\u00bb400&#8243; uncode_shortcode_id=\u00bb167106&#8243; text_color_type=\u00bbuncode-palette\u00bb]<\/p>\n<ul type=\"disc\">\n<li style=\"text-align: left;\"><strong>Comercio minorista<\/strong>: Evita robos, controla el tr\u00e1fico, gestiona la responsabilidad a distancia.<\/li>\n<li style=\"text-align: left;\"><strong>Fabricaci\u00f3n<\/strong>: Proteger las existencias, reforzar la seguridad, controlar las zonas de acceso.<\/li>\n<li style=\"text-align: left;\"><strong>Restaurantes y hosteler\u00eda<\/strong>: Mant\u00e9n a salvo a los clientes y al personal haciendo un seguimiento de las entregas, las puertas y los incidentes.<\/li>\n<li style=\"text-align: left;\"><strong>Educaci\u00f3n<\/strong>: Alertas en tiempo real, herramientas de bloqueo y acceso administrativo sencillo.<\/li>\n<li style=\"text-align: left;\"><strong>Inmuebles<\/strong>: Supervisa inmuebles con varias sedes, simplifica el acceso de los inquilinos, reduce el riesgo.<\/li>\n<li style=\"text-align: left;\"><strong>Servicios profesionales y m\u00e1s<\/strong>: Asegura los datos de los clientes, limita el acceso y mant\u00e9n protegido tu lugar de trabajo, sin complicaciones tecnol\u00f3gicas.<\/li>\n<\/ul>\n<p>[\/vc_column_text][\/vc_column_inner][\/vc_row_inner][vc_row_inner row_inner_height_percent=\u00bb0&#8243; back_color=\u00bbcolor-xsdn\u00bb back_image=\u00bb7481&#8243; parallax=\u00bbyes\u00bb overlay_color=\u00bbcolor-wvjs\u00bb overlay_alpha=\u00bb90&#8243; overlay_color_blend=\u00bbmultiply\u00bb gutter_size=\u00bb3&#8243; shift_y=\u00bb0&#8243; z_index=\u00bb0&#8243; uncode_shortcode_id=\u00bb138503&#8243; back_color_type=\u00bbuncode-palette\u00bb overlay_color_type=\u00bbuncode-palette\u00bb][vc_column_inner column_width_percent=\u00bb100&#8243; position_vertical=\u00bbmiddle\u00bb align_horizontal=\u00bbalign_center\u00bb gutter_size=\u00bb3&#8243; overlay_alpha=\u00bb50&#8243; shift_x=\u00bb0&#8243; shift_y=\u00bb0&#8243; shift_y_down=\u00bb0&#8243; z_index=\u00bb0&#8243; medium_width=\u00bb0&#8243; mobile_width=\u00bb0&#8243; zoom_width=\u00bb0&#8243; zoom_height=\u00bb0&#8243; width=\u00bb1\/1&#8243;][vc_custom_heading text_color=\u00bbcolor-xsdn\u00bb text_size=\u00bbfontsize-122091&#8243; css_animation=\u00bbbottom-t-top\u00bb animation_delay=\u00bb400&#8243; uncode_shortcode_id=\u00bb501600&#8243; text_color_type=\u00bbuncode-palette\u00bb]<strong>Verkada hace el trabajo. RTC lo hace funcionar. <\/strong>[\/vc_custom_heading][vc_column_text text_lead=\u00bbyes\u00bb text_color=\u00bbcolor-xsdn\u00bb css_animation=\u00bbbottom-t-top\u00bb animation_delay=\u00bb400&#8243; uncode_shortcode_id=\u00bb292813&#8243; text_color_type=\u00bbuncode-palette\u00bb]Aseguremos tu negocio de forma inteligente. Con un equipo potente y un socio presente. <\/p>\n<p>Extiende la mano. Nosotros nos ocuparemos del resto.[\/vc_column_text][vc_button button_color=\u00bbcolor-742535&#8243; radius=\u00bbbtn-round\u00bb border_animation=\u00bbbtn-ripple-out\u00bb border_width=\u00bb0&#8243; css_animation=\u00bbbottom-t-top\u00bb animation_speed=\u00bb800&#8243; animation_delay=\u00bb800&#8243; link=\u00bburl:https%3A%2F%2Foutlook.office.com%2Fbook%2FWISEVoiceSolutionsDemoConsultation%40rtccom.com%2Fs%2Fvf-R-kv0vkqxldYO0EXBjQ2|target:_blank|\u00bb button_color_type=\u00bbuncode-palette\u00bb uncode_shortcode_id=\u00bb112303&#8243;]Reserva hoy una evaluaci\u00f3n de seguridad[\/vc_button][\/vc_column_inner][\/vc_row_inner][\/uncode_slider][vc_empty_space empty_h=\u00bb2&#8243;][\/vc_column][\/vc_row][vc_row unlock_row_content=\u00bbyes\u00bb row_height_percent=\u00bb100&#8243; override_padding=\u00bbyes\u00bb h_padding=\u00bb2&#8243; top_padding=\u00bb7&#8243; bottom_padding=\u00bb7&#8243; back_image=\u00bb7393&#8243; back_repeat=\u00bbrepeat\u00bb kburns=\u00bbyes\u00bb overlay_alpha=\u00bb50&#8243; gutter_size=\u00bb3&#8243; column_width_percent=\u00bb100&#8243; shift_y=\u00bb0&#8243; z_index=\u00bb0&#8243; content_parallax=\u00bb0&#8243; uncode_shortcode_id=\u00bb109545&#8243;][vc_column column_width_percent=\u00bb100&#8243; position_vertical=\u00bbmiddle\u00bb gutter_size=\u00bb5&#8243; overlay_alpha=\u00bb50&#8243; shift_x=\u00bb0&#8243; shift_y=\u00bb0&#8243; shift_y_down=\u00bb0&#8243; z_index=\u00bb0&#8243; medium_width=\u00bb0&#8243; mobile_width=\u00bb0&#8243; width=\u00bb1\/1&#8243;][\/vc_column][\/vc_row][vc_row row_height_percent=\u00bb50&#8243; override_padding=\u00bbyes\u00bb h_padding=\u00bb2&#8243; top_padding=\u00bb5&#8243; bottom_padding=\u00bb5&#8243; back_color=\u00bbaccent\u00bb back_image=\u00bb7369&#8243; back_position=\u00bbcenter bottom\u00bb parallax=\u00bbyes\u00bb overlay_color=\u00bbcolor-742535&#8243; overlay_alpha=\u00bb80&#8243; overlay_color_blend=\u00bbmultiply\u00bb equal_height=\u00bbyes\u00bb gutter_size=\u00bb4&#8243; column_width_percent=\u00bb100&#8243; shift_y=\u00bb0&#8243; z_index=\u00bb0&#8243; content_parallax=\u00bb0&#8243; uncode_shortcode_id=\u00bb157517&#8243; back_color_type=\u00bbuncode-palette\u00bb overlay_color_type=\u00bbuncode-palette\u00bb][vc_column column_width_percent=\u00bb100&#8243; position_vertical=\u00bbmiddle\u00bb align_horizontal=\u00bbalign_center\u00bb gutter_size=\u00bb3&#8243; style=\u00bbdark\u00bb overlay_alpha=\u00bb50&#8243; shift_x=\u00bb0&#8243; shift_y=\u00bb0&#8243; shift_y_down=\u00bb0&#8243; z_index=\u00bb0&#8243; medium_width=\u00bb0&#8243; mobile_width=\u00bb0&#8243; width=\u00bb1\/1&#8243;][vc_custom_heading heading_semantic=\u00bbh6&#8243; text_size=\u00bbh6&#8243; text_transform=\u00bbuppercase\u00bb text_space=\u00bb\u00bb uncode_shortcode_id=\u00bb238988&#8243;]Experimenta la seguridad sin l\u00edmites[\/vc_custom_heading][vc_custom_heading heading_semantic=\u00bbh3&#8243; text_size=\u00bbfontsize-122091&#8243; uncode_shortcode_id=\u00bb542658&#8243;]<\/p>\n<h3 style=\"text-align: center;\" data-start=\"1833\" data-end=\"1884\"><strong data-start=\"1837\" data-end=\"1884\">Organizaciones de educaci\u00f3n, sanidad, comercio minorista, empresas, administraciones p\u00fablicas, entretenimiento y deportes profesionales de todo el mundo conf\u00edan en nosotros.<\/strong><\/h3>\n<p>[\/vc_custom_heading][vc_button border_animation=\u00bbbtn-ripple-out\u00bb border_width=\u00bb0&#8243; link=\u00bburl:https%3A%2F%2Foutlook.office.com%2Fbook%2FWISEVoiceSolutionsDemoConsultation%40rtccom.com%2Fs%2Fvf-R-kv0vkqxldYO0EXBjQ2|target:_blank|\u00bb uncode_shortcode_id=\u00bb431870&#8243;]Reserva hoy una evaluaci\u00f3n de seguridad[\/vc_button][\/vc_column][\/vc_row]<\/p>\n<\/div>","protected":false},"excerpt":{"rendered":"<p>[vc_row row_height_percent=\u00bb0&#8243; override_padding=\u00bbyes\u00bb h_padding=\u00bb2&#8243; top_padding=\u00bb3&#8243; bottom_padding=\u00bb5&#8243; back_color=\u00bbcolor-wayh\u00bb back_image=\u00bb7375&#8243; parallax=\u00bbyes\u00bb overlay_color=\u00bbcolor-wayh\u00bb overlay_alpha=\u00bb50&#8243; gutter_size=\u00bb3&#8243; column_width_percent=\u00bb100&#8243; shift_y=\u00bb0&#8243; z_index=\u00bb1&#8243; content_parallax=\u00bb0&#8243; uncode_shortcode_id=\u00bb339492&#8243; back_color_type=\u00bbuncode-palette\u00bb overlay_color_type=\u00bbuncode-palette\u00bb][vc_column column_width_percent=\u00bb100&#8243; [&hellip;]<\/p>\n","protected":false},"author":3,"featured_media":0,"parent":0,"menu_order":0,"comment_status":"closed","ping_status":"closed","template":"","meta":{"_seopress_robots_primary_cat":"","_seopress_titles_title":"","_seopress_titles_desc":"RTC se asocia con Verkada para ofrecer a tu empresa soluciones de seguridad potentes e integradas, respaldadas por un servicio local en el que puedes confiar. Gestiona f\u00e1cilmente la videovigilancia, el control de accesos, los sensores, las alarmas, las herramientas para el lugar de trabajo y los interfonos.","_seopress_robots_index":"","_crdt_document":"","om_disable_all_campaigns":false,"footnotes":""},"class_list":["post-7505","page","type-page","status-publish","hentry"],"jetpack_sharing_enabled":true,"_links":{"self":[{"href":"https:\/\/rtccom.com\/es\/wp-json\/wp\/v2\/pages\/7505","targetHints":{"allow":["GET"]}}],"collection":[{"href":"https:\/\/rtccom.com\/es\/wp-json\/wp\/v2\/pages"}],"about":[{"href":"https:\/\/rtccom.com\/es\/wp-json\/wp\/v2\/types\/page"}],"author":[{"embeddable":true,"href":"https:\/\/rtccom.com\/es\/wp-json\/wp\/v2\/users\/3"}],"replies":[{"embeddable":true,"href":"https:\/\/rtccom.com\/es\/wp-json\/wp\/v2\/comments?post=7505"}],"version-history":[{"count":9,"href":"https:\/\/rtccom.com\/es\/wp-json\/wp\/v2\/pages\/7505\/revisions"}],"predecessor-version":[{"id":8317,"href":"https:\/\/rtccom.com\/es\/wp-json\/wp\/v2\/pages\/7505\/revisions\/8317"}],"wp:attachment":[{"href":"https:\/\/rtccom.com\/es\/wp-json\/wp\/v2\/media?parent=7505"}],"curies":[{"name":"wp","href":"https:\/\/api.w.org\/{rel}","templated":true}]}}